{"id":8,"date":"2023-03-15T19:50:50","date_gmt":"2023-03-15T18:50:50","guid":{"rendered":"https:\/\/adjmevent.fr\/?page_id=8"},"modified":"2023-03-20T15:19:14","modified_gmt":"2023-03-20T14:19:14","slug":"accueil","status":"publish","type":"page","link":"https:\/\/adjmevent.fr\/","title":{"rendered":"Accueil"},"content":{"rendered":"<p>[et_pb_section fb_built=&#8221;1&#8243; disabled_on=&#8221;on|on|on&#8221; admin_label=&#8221;Hero&#8221; _builder_version=&#8221;4.16&#8243; background_color=&#8221;#1a1e36&#8243; background_image=&#8221;https:\/\/adjmevent.fr\/wp-content\/uploads\/2023\/03\/event-9.png&#8221; parallax=&#8221;on&#8221; custom_padding=&#8221;80px||150px|||&#8221; disabled=&#8221;on&#8221; locked=&#8221;off&#8221; global_colors_info=&#8221;{}&#8221;][et_pb_row _builder_version=&#8221;4.16&#8243; background_color=&#8221;#252d49&#8243; background_image=&#8221;https:\/\/adjmevent.fr\/wp-content\/uploads\/2023\/03\/event-9.png&#8221; parallax=&#8221;on&#8221; custom_padding=&#8221;0px||0px||true|false&#8221; border_width_all=&#8221;30px&#8221; border_color_all=&#8221;#242946&#8243; border_width_all_tablet=&#8221;&#8221; border_width_all_phone=&#8221;10px&#8221; border_width_all_last_edited=&#8221;on|phone&#8221; box_shadow_style=&#8221;preset3&#8243; box_shadow_vertical=&#8221;60px&#8221; box_shadow_blur=&#8221;80px&#8221; box_shadow_spread=&#8221;-20px&#8221; global_colors_info=&#8221;{}&#8221;][et_pb_column type=&#8221;4_4&#8243; _builder_version=&#8221;4.16&#8243; background_color=&#8221;rgba(37,45,73,0.92)&#8221; background_image=&#8221;https:\/\/adjmevent.fr\/wp-content\/uploads\/2023\/03\/Event-Party_Invitation.png&#8221; custom_padding=&#8221;130px|20px|130px|20px|true|true&#8221; custom_padding_tablet=&#8221;50px|20px|50px|20px|true|true&#8221; custom_padding_phone=&#8221;&#8221; custom_padding_last_edited=&#8221;on|phone&#8221; border_width_all=&#8221;2px&#8221; border_color_all=&#8221;#b59c61&#8243; global_colors_info=&#8221;{}&#8221;][et_pb_text _builder_version=&#8221;4.16&#8243; header_font=&#8221;Playfair Display|700|||||||&#8221; header_font_size=&#8221;120px&#8221; header_line_height=&#8221;1.3em&#8221; header_2_font=&#8221;Playfair Display|700|||||||&#8221; header_2_font_size=&#8221;120px&#8221; header_2_line_height=&#8221;1.3em&#8221; header_3_font=&#8221;Overpass|600||on|||||&#8221; header_3_font_size=&#8221;20px&#8221; header_3_line_height=&#8221;1.2em&#8221; background_enable_color=&#8221;off&#8221; text_orientation=&#8221;center&#8221; background_layout=&#8221;dark&#8221; max_width=&#8221;750px&#8221; module_alignment=&#8221;center&#8221; custom_padding=&#8221;||||false|false&#8221; scroll_vertical_motion_enable=&#8221;on&#8221; scroll_vertical_motion=&#8221;0|50|50|100|1|0|-1&#8243; header_font_size_tablet=&#8221;14vw&#8221; header_font_size_phone=&#8221;&#8221; header_font_size_last_edited=&#8221;on|phone&#8221; header_2_font_size_tablet=&#8221;14vw&#8221; header_2_font_size_phone=&#8221;&#8221; header_2_font_size_last_edited=&#8221;on|phone&#8221; header_3_font_size_tablet=&#8221;18px&#8221; header_3_font_size_phone=&#8221;16px&#8221; header_3_font_size_last_edited=&#8221;on|desktop&#8221; locked=&#8221;off&#8221; global_colors_info=&#8221;{}&#8221;]<\/p>\n<h1><\/h1>\n<h1>ADJM<\/h1>\n<h1>Event<\/h1>\n<h3>Cr\u00e9ateur d&#8217;\u00e9motions<\/h3>\n<p>[\/et_pb_text][et_pb_button button_text=&#8221;Nous suivre&#8221; button_alignment=&#8221;center&#8221; _builder_version=&#8221;4.20.2&#8243; custom_button=&#8221;on&#8221; button_text_size=&#8221;30px&#8221; button_text_color=&#8221;#b59c61&#8243; button_bg_color=&#8221;#ffffff&#8221; button_border_radius=&#8221;0px&#8221; button_font=&#8221;Playfair Display|700|||||||&#8221; custom_padding=&#8221;15px|60px|15px|60px|true|true&#8221; button_text_size_tablet=&#8221;22px&#8221; button_text_size_phone=&#8221;18px&#8221; button_text_size_last_edited=&#8221;on|desktop&#8221; box_shadow_style=&#8221;preset3&#8243; box_shadow_vertical=&#8221;48px&#8221; box_shadow_blur=&#8221;48px&#8221; box_shadow_spread=&#8221;-24px&#8221; box_shadow_color=&#8221;rgba(181,156,97,0.3)&#8221; locked=&#8221;off&#8221; global_colors_info=&#8221;{}&#8221;][\/et_pb_button][\/et_pb_column][\/et_pb_row][\/et_pb_section][et_pb_section fb_built=&#8221;1&#8243; _builder_version=&#8221;4.20.2&#8243; _module_preset=&#8221;default&#8221; custom_margin=&#8221;0px|0px|0px|0px|false|false&#8221; custom_padding=&#8221;0px|0px|0px|0px|false|false&#8221; global_colors_info=&#8221;{}&#8221;][et_pb_row _builder_version=&#8221;4.20.2&#8243; _module_preset=&#8221;default&#8221; width=&#8221;100%&#8221; max_width=&#8221;2560px&#8221; module_alignment=&#8221;center&#8221; custom_margin=&#8221;0px|0px|0px|0px|false|false&#8221; custom_padding=&#8221;0px|0px|0px|0px|false|false&#8221; hover_enabled=&#8221;0&#8243; global_colors_info=&#8221;{}&#8221; sticky_enabled=&#8221;0&#8243;][et_pb_column type=&#8221;4_4&#8243; _builder_version=&#8221;4.20.2&#8243; _module_preset=&#8221;default&#8221; global_colors_info=&#8221;{}&#8221;][et_pb_code _builder_version=&#8221;4.20.2&#8243; _module_preset=&#8221;default&#8221; hover_enabled=&#8221;0&#8243; global_colors_info=&#8221;{}&#8221; sticky_enabled=&#8221;0&#8243;]<iframe src=\"https:\/\/shotgun.live\/venues\/adjm-event?embedded=true&#038;ui=dark&#038;social=true\" style=\"width:100%;height:1300px;max-height:calc(1000vh - 1000px);\" frameborder=\"0\"><\/iframe>[\/et_pb_code][\/et_pb_column][\/et_pb_row][\/et_pb_section][et_pb_section fb_built=&#8221;1&#8243; disabled_on=&#8221;on|on|on&#8221; admin_label=&#8221;Footer&#8221; _builder_version=&#8221;4.16&#8243; background_color=&#8221;#1a1e36&#8243; background_image=&#8221;https:\/\/adjmevent.fr\/wp-content\/uploads\/2023\/03\/event-6.png&#8221; parallax=&#8221;on&#8221; disabled=&#8221;on&#8221; locked=&#8221;off&#8221; global_colors_info=&#8221;{}&#8221;][et_pb_row _builder_version=&#8221;4.16&#8243; global_colors_info=&#8221;{}&#8221;][et_pb_column type=&#8221;4_4&#8243; _builder_version=&#8221;4.16&#8243; global_colors_info=&#8221;{}&#8221;][et_pb_text _builder_version=&#8221;4.20.2&#8243; header_4_font=&#8221;Overpass|700||on|||||&#8221; header_4_text_align=&#8221;center&#8221; header_4_text_color=&#8221;#ffffff&#8221; header_4_font_size=&#8221;25px&#8221; header_4_letter_spacing=&#8221;6px&#8221; global_colors_info=&#8221;{}&#8221;]<\/p>\n<h4>Nos \u00e9v\u00e9nements<\/h4>\n<p>[\/et_pb_text][\/et_pb_column][\/et_pb_row][et_pb_row _builder_version=&#8221;4.20.2&#8243; _module_preset=&#8221;default&#8221; global_colors_info=&#8221;{}&#8221;][et_pb_column type=&#8221;4_4&#8243; _builder_version=&#8221;4.20.2&#8243; _module_preset=&#8221;default&#8221; global_colors_info=&#8221;{}&#8221;][et_pb_blog include_categories=&#8221;4&#8243; meta_date=&#8221;j M Y&#8221; show_more=&#8221;on&#8221; show_author=&#8221;off&#8221; show_date=&#8221;off&#8221; _builder_version=&#8221;4.20.2&#8243; _module_preset=&#8221;default&#8221; background_layout=&#8221;dark&#8221; text_shadow_style=&#8221;preset1&#8243; global_colors_info=&#8221;{}&#8221;][\/et_pb_blog][\/et_pb_column][\/et_pb_row][\/et_pb_section][et_pb_section fb_built=&#8221;1&#8243; admin_label=&#8221;Footer&#8221; _builder_version=&#8221;4.16&#8243; background_color=&#8221;#1a1e36&#8243; background_image=&#8221;https:\/\/adjmevent.fr\/wp-content\/uploads\/2023\/03\/event-6.png&#8221; parallax=&#8221;on&#8221; locked=&#8221;off&#8221; global_colors_info=&#8221;{}&#8221; disabled_on=&#8221;on|on|on&#8221; disabled=&#8221;on&#8221;][et_pb_row _builder_version=&#8221;4.16&#8243; global_colors_info=&#8221;{}&#8221;][et_pb_column type=&#8221;4_4&#8243; _builder_version=&#8221;4.16&#8243; global_colors_info=&#8221;{}&#8221;][et_pb_text _builder_version=&#8221;4.16&#8243; header_4_font=&#8221;Overpass|700||on|||||&#8221; header_4_text_align=&#8221;center&#8221; header_4_text_color=&#8221;#ffffff&#8221; header_4_font_size=&#8221;25px&#8221; header_4_letter_spacing=&#8221;6px&#8221; global_colors_info=&#8221;{}&#8221;]<\/p>\n<h4>Event Info<\/h4>\n<p>[\/et_pb_text][\/et_pb_column][\/et_pb_row][et_pb_row column_structure=&#8221;1_3,1_3,1_3&#8243; _builder_version=&#8221;4.16&#8243; global_colors_info=&#8221;{}&#8221;][et_pb_column type=&#8221;1_3&#8243; _builder_version=&#8221;4.16&#8243; global_colors_info=&#8221;{}&#8221;][et_pb_blurb title=&#8221;Date&#8221; _builder_version=&#8221;4.16&#8243; header_level=&#8221;h5&#8243; header_font=&#8221;Overpass||||||||&#8221; header_text_color=&#8221;#b59c61&#8243; header_font_size=&#8221;16px&#8221; body_font=&#8221;Overpass||||||||&#8221; body_text_color=&#8221;#ffffff&#8221; body_font_size=&#8221;16px&#8221; text_orientation=&#8221;center&#8221; global_colors_info=&#8221;{}&#8221;]<\/p>\n<p>March 26 \u2013 28, 2020<\/p>\n<p>[\/et_pb_blurb][\/et_pb_column][et_pb_column type=&#8221;1_3&#8243; _builder_version=&#8221;4.16&#8243; global_colors_info=&#8221;{}&#8221;][et_pb_blurb title=&#8221;Location&#8221; _builder_version=&#8221;4.16&#8243; header_level=&#8221;h5&#8243; header_font=&#8221;Overpass||||||||&#8221; header_text_color=&#8221;#b59c61&#8243; header_font_size=&#8221;16px&#8221; body_font=&#8221;Overpass||||||||&#8221; body_text_color=&#8221;#ffffff&#8221; body_font_size=&#8221;16px&#8221; text_orientation=&#8221;center&#8221; global_colors_info=&#8221;{}&#8221;]<\/p>\n<p>1243 Divi St. San Francisco, CA<\/p>\n<p>[\/et_pb_blurb][\/et_pb_column][et_pb_column type=&#8221;1_3&#8243; _builder_version=&#8221;4.16&#8243; global_colors_info=&#8221;{}&#8221;][et_pb_blurb title=&#8221;Time&#8221; _builder_version=&#8221;4.16&#8243; header_level=&#8221;h5&#8243; header_font=&#8221;Overpass||||||||&#8221; header_text_color=&#8221;#b59c61&#8243; header_font_size=&#8221;16px&#8221; body_font=&#8221;Overpass||||||||&#8221; body_text_color=&#8221;#ffffff&#8221; body_font_size=&#8221;16px&#8221; text_orientation=&#8221;center&#8221; global_colors_info=&#8221;{}&#8221;]10am \u2013\u00a0midnight[\/et_pb_blurb][\/et_pb_column][\/et_pb_row][et_pb_row _builder_version=&#8221;4.16&#8243; custom_margin=&#8221;80px||||false|false&#8221; custom_margin_tablet=&#8221;20px||||false|false&#8221; custom_margin_phone=&#8221;&#8221; custom_margin_last_edited=&#8221;on|tablet&#8221; global_colors_info=&#8221;{}&#8221;][et_pb_column type=&#8221;4_4&#8243; _builder_version=&#8221;4.16&#8243; global_colors_info=&#8221;{}&#8221;][et_pb_contact_form captcha=&#8221;off&#8221; _builder_version=&#8221;4.16&#8243; form_field_background_color=&#8221;rgba(0,0,0,0)&#8221; form_field_text_color=&#8221;rgba(255,255,255,0.33)&#8221; form_field_focus_text_color=&#8221;#ffffff&#8221; title_level=&#8221;h4&#8243; title_font=&#8221;Overpass|700||on|||||&#8221; title_text_align=&#8221;center&#8221; title_text_color=&#8221;#b59c61&#8243; title_font_size=&#8221;25px&#8221; title_letter_spacing=&#8221;5px&#8221; form_field_font=&#8221;Overpass||||||||&#8221; form_field_font_size=&#8221;16px&#8221; form_field_line_height=&#8221;1.8em&#8221; custom_button=&#8221;on&#8221; button_text_size=&#8221;15px&#8221; button_text_color=&#8221;#1a1e36&#8243; button_bg_color=&#8221;#aea773&#8243; button_border_width=&#8221;0px&#8221; button_border_radius=&#8221;0px&#8221; button_font=&#8221;Overpass|700||on|||||&#8221; button_custom_margin=&#8221;20px||||false|false&#8221; button_custom_padding=&#8221;10px|40px|10px|40px|true|true&#8221; max_width=&#8221;600px&#8221; module_alignment=&#8221;center&#8221; border_color_all=&#8221;#aea773&#8243; border_width_bottom=&#8221;2px&#8221; global_colors_info=&#8221;{}&#8221;][et_pb_contact_field field_id=&#8221;Name&#8221; field_title=&#8221;Name&#8221; fullwidth_field=&#8221;on&#8221; _builder_version=&#8221;4.16&#8243; global_colors_info=&#8221;{}&#8221; button_text_size__hover_enabled=&#8221;off&#8221; button_one_text_size__hover_enabled=&#8221;off&#8221; button_two_text_size__hover_enabled=&#8221;off&#8221; button_text_color__hover_enabled=&#8221;off&#8221; button_one_text_color__hover_enabled=&#8221;off&#8221; button_two_text_color__hover_enabled=&#8221;off&#8221; button_border_width__hover_enabled=&#8221;off&#8221; button_one_border_width__hover_enabled=&#8221;off&#8221; button_two_border_width__hover_enabled=&#8221;off&#8221; button_border_color__hover_enabled=&#8221;off&#8221; button_one_border_color__hover_enabled=&#8221;off&#8221; button_two_border_color__hover_enabled=&#8221;off&#8221; button_border_radius__hover_enabled=&#8221;off&#8221; button_one_border_radius__hover_enabled=&#8221;off&#8221; button_two_border_radius__hover_enabled=&#8221;off&#8221; button_letter_spacing__hover_enabled=&#8221;off&#8221; button_one_letter_spacing__hover_enabled=&#8221;off&#8221; button_two_letter_spacing__hover_enabled=&#8221;off&#8221; button_bg_color__hover_enabled=&#8221;off&#8221; button_one_bg_color__hover_enabled=&#8221;off&#8221; button_two_bg_color__hover_enabled=&#8221;off&#8221;][\/et_pb_contact_field][et_pb_contact_field field_id=&#8221;Email&#8221; field_title=&#8221;Email Address&#8221; field_type=&#8221;email&#8221; fullwidth_field=&#8221;on&#8221; _builder_version=&#8221;4.16&#8243; global_colors_info=&#8221;{}&#8221; button_text_size__hover_enabled=&#8221;off&#8221; button_one_text_size__hover_enabled=&#8221;off&#8221; button_two_text_size__hover_enabled=&#8221;off&#8221; button_text_color__hover_enabled=&#8221;off&#8221; button_one_text_color__hover_enabled=&#8221;off&#8221; button_two_text_color__hover_enabled=&#8221;off&#8221; button_border_width__hover_enabled=&#8221;off&#8221; button_one_border_width__hover_enabled=&#8221;off&#8221; button_two_border_width__hover_enabled=&#8221;off&#8221; button_border_color__hover_enabled=&#8221;off&#8221; button_one_border_color__hover_enabled=&#8221;off&#8221; button_two_border_color__hover_enabled=&#8221;off&#8221; button_border_radius__hover_enabled=&#8221;off&#8221; button_one_border_radius__hover_enabled=&#8221;off&#8221; button_two_border_radius__hover_enabled=&#8221;off&#8221; button_letter_spacing__hover_enabled=&#8221;off&#8221; button_one_letter_spacing__hover_enabled=&#8221;off&#8221; button_two_letter_spacing__hover_enabled=&#8221;off&#8221; button_bg_color__hover_enabled=&#8221;off&#8221; button_one_bg_color__hover_enabled=&#8221;off&#8221; button_two_bg_color__hover_enabled=&#8221;off&#8221;][\/et_pb_contact_field][et_pb_contact_field field_id=&#8221;Message&#8221; field_title=&#8221;Message&#8221; field_type=&#8221;text&#8221; fullwidth_field=&#8221;on&#8221; _builder_version=&#8221;4.16&#8243; global_colors_info=&#8221;{}&#8221; button_text_size__hover_enabled=&#8221;off&#8221; button_one_text_size__hover_enabled=&#8221;off&#8221; button_two_text_size__hover_enabled=&#8221;off&#8221; button_text_color__hover_enabled=&#8221;off&#8221; button_one_text_color__hover_enabled=&#8221;off&#8221; button_two_text_color__hover_enabled=&#8221;off&#8221; button_border_width__hover_enabled=&#8221;off&#8221; button_one_border_width__hover_enabled=&#8221;off&#8221; button_two_border_width__hover_enabled=&#8221;off&#8221; button_border_color__hover_enabled=&#8221;off&#8221; button_one_border_color__hover_enabled=&#8221;off&#8221; button_two_border_color__hover_enabled=&#8221;off&#8221; button_border_radius__hover_enabled=&#8221;off&#8221; button_one_border_radius__hover_enabled=&#8221;off&#8221; button_two_border_radius__hover_enabled=&#8221;off&#8221; button_letter_spacing__hover_enabled=&#8221;off&#8221; button_one_letter_spacing__hover_enabled=&#8221;off&#8221; button_two_letter_spacing__hover_enabled=&#8221;off&#8221; button_bg_color__hover_enabled=&#8221;off&#8221; button_one_bg_color__hover_enabled=&#8221;off&#8221; button_two_bg_color__hover_enabled=&#8221;off&#8221;][\/et_pb_contact_field][\/et_pb_contact_form][et_pb_social_media_follow icon_color=&#8221;#252d49&#8243; _builder_version=&#8221;4.16&#8243; text_orientation=&#8221;center&#8221; border_radii=&#8221;on|40px|40px|40px|40px&#8221; global_colors_info=&#8221;{}&#8221;][et_pb_social_media_follow_network social_network=&#8221;facebook&#8221; _builder_version=&#8221;4.16&#8243; background_color=&#8221;#ffffff&#8221; background_enable_color=&#8221;on&#8221; custom_margin=&#8221;|8px||8px|false|true&#8221; custom_padding=&#8221;|8px||8px|true|true&#8221; global_colors_info=&#8221;{}&#8221; follow_button=&#8221;off&#8221; url_new_window=&#8221;on&#8221;]facebook[\/et_pb_social_media_follow_network][et_pb_social_media_follow_network social_network=&#8221;twitter&#8221; _builder_version=&#8221;4.16&#8243; background_color=&#8221;#ffffff&#8221; background_enable_color=&#8221;on&#8221; custom_margin=&#8221;|8px||8px|false|true&#8221; custom_padding=&#8221;|8px||8px|true|true&#8221; global_colors_info=&#8221;{}&#8221; follow_button=&#8221;off&#8221; url_new_window=&#8221;on&#8221;]twitter[\/et_pb_social_media_follow_network][et_pb_social_media_follow_network social_network=&#8221;instagram&#8221; _builder_version=&#8221;4.16&#8243; background_color=&#8221;#ffffff&#8221; background_enable_color=&#8221;on&#8221; custom_margin=&#8221;|8px||8px|false|true&#8221; custom_padding=&#8221;|8px||8px|true|true&#8221; global_colors_info=&#8221;{}&#8221; follow_button=&#8221;off&#8221; url_new_window=&#8221;on&#8221;]instagram[\/et_pb_social_media_follow_network][\/et_pb_social_media_follow][\/et_pb_column][\/et_pb_row][\/et_pb_section]<\/p>\n","protected":false},"excerpt":{"rendered":"<p>ADJM Event Cr\u00e9ateur d&#8217;\u00e9motionsNos \u00e9v\u00e9nementsEvent InfoMarch 26 \u2013 28, 20201243 Divi St. San Francisco, CA10am \u2013\u00a0midnight<\/p>\n","protected":false},"author":1,"featured_media":0,"parent":0,"menu_order":0,"comment_status":"closed","ping_status":"closed","template":"","meta":{"_et_pb_use_builder":"on","_et_pb_old_content":"","_et_gb_content_width":"","footnotes":""},"class_list":["post-8","page","type-page","status-publish","hentry"],"_links":{"self":[{"href":"https:\/\/adjmevent.fr\/index.php\/wp-json\/wp\/v2\/pages\/8","targetHints":{"allow":["GET"]}}],"collection":[{"href":"https:\/\/adjmevent.fr\/index.php\/wp-json\/wp\/v2\/pages"}],"about":[{"href":"https:\/\/adjmevent.fr\/index.php\/wp-json\/wp\/v2\/types\/page"}],"author":[{"embeddable":true,"href":"https:\/\/adjmevent.fr\/index.php\/wp-json\/wp\/v2\/users\/1"}],"replies":[{"embeddable":true,"href":"https:\/\/adjmevent.fr\/index.php\/wp-json\/wp\/v2\/comments?post=8"}],"version-history":[{"count":10,"href":"https:\/\/adjmevent.fr\/index.php\/wp-json\/wp\/v2\/pages\/8\/revisions"}],"predecessor-version":[{"id":48,"href":"https:\/\/adjmevent.fr\/index.php\/wp-json\/wp\/v2\/pages\/8\/revisions\/48"}],"wp:attachment":[{"href":"https:\/\/adjmevent.fr\/index.php\/wp-json\/wp\/v2\/media?parent=8"}],"curies":[{"name":"wp","href":"https:\/\/api.w.org\/{rel}","templated":true}]}}